{"id":636,"date":"2022-12-28T09:18:36","date_gmt":"2022-12-28T09:18:36","guid":{"rendered":"https:\/\/www.nativostay.com\/?page_id=636"},"modified":"2023-07-17T09:58:21","modified_gmt":"2023-07-17T09:58:21","slug":"book-a-call","status":"publish","type":"page","link":"https:\/\/www.nativostay.com\/it\/book-a-call\/","title":{"rendered":"Diventa host"},"content":{"rendered":"\n<div class=\"wp-block-columns is-layout-flex wp-container-core-columns-is-layout-9d6595d7 wp-block-columns-is-layout-flex\">\n<div class=\"wp-block-column is-vertically-aligned-top is-layout-flow wp-block-column-is-layout-flow\">\n<h2> Le case pi\u00f9 belle meritano la gestione pi\u00f9 esclusiva <\/h2>\n<p>Nativo \u00e8 l\u2019unico property manager specializzato nella gestione di case di lusso: affittiamo immobili super selezionati a persone ultra selezionate. <\/p>\n<\/div>\n\n\n\n<div class=\"wp-block-column is-layout-flow wp-block-column-is-layout-flow\"><div class=\"wpforms-container wpforms-container-full wpforms-block\" id=\"wpforms-130\"><form id=\"wpforms-form-130\" class=\"wpforms-validate wpforms-form wpforms-ajax-form\" data-formid=\"130\" method=\"post\" enctype=\"multipart\/form-data\" action=\"\/it\/wp-json\/wp\/v2\/pages\/636\" data-token=\"3db9642abcc8666d5e93e9748fc30984\" data-token-time=\"1776219505\"><noscript class=\"wpforms-error-noscript\">Abilita JavaScript nel browser per completare questo modulo.<\/noscript><div class=\"wpforms-field-container\"><div id=\"wpforms-130-field_8-container\" class=\"wpforms-field wpforms-field-name\" data-field-id=\"8\"><label class=\"wpforms-field-label\" for=\"wpforms-130-field_8\">Nome <span class=\"wpforms-required-label\">*<\/span><\/label><input type=\"text\" id=\"wpforms-130-field_8\" class=\"wpforms-field-medium wpforms-field-required\" name=\"wpforms[fields][8]\" placeholder=\"Francesco Rossi\" required><\/div><div id=\"wpforms-130-field_1-container\" class=\"wpforms-field wpforms-field-email\" data-field-id=\"1\"><label class=\"wpforms-field-label\" for=\"wpforms-130-field_1\">Email <span class=\"wpforms-required-label\">*<\/span><\/label><input type=\"email\" id=\"wpforms-130-field_1\" class=\"wpforms-field-medium wpforms-field-required\" name=\"wpforms[fields][1]\" placeholder=\"francescorossi@mail.com\" spellcheck=\"false\" required><\/div><div id=\"wpforms-130-field_12-container\" class=\"wpforms-field wpforms-field-layout\" data-field-id=\"12\"><div class=\"wpforms-field-layout-rows wpforms-field-large\"><div class=\"wpforms-layout-row\"><div class=\"wpforms-layout-column wpforms-layout-column-33\"><div id=\"wpforms-130-field_13-container\" class=\"wpforms-field wpforms-field-select phone_select_country_code wpforms-field-select-style-classic\" data-field-id=\"13\"><label class=\"wpforms-field-label\" for=\"wpforms-130-field_13\">Telefono <span class=\"wpforms-required-label\">*<\/span><\/label><select id=\"wpforms-130-field_13\" class=\"wpforms-field-medium wpforms-field-required\" name=\"wpforms[fields][13]\" required=\"required\"><option value=\"+1 United States\"  class=\"choice-4 depth-1\"  >+1 United States<\/option><option value=\"+1 Canada\"  class=\"choice-5 depth-1\"  >+1 Canada<\/option><option value=\"+7 Russia\"  class=\"choice-6 depth-1\"  >+7 Russia<\/option><option value=\"+20 Egypt\"  class=\"choice-7 depth-1\"  >+20 Egypt<\/option><option value=\"+211 South Sudan\"  class=\"choice-8 depth-1\"  >+211 South Sudan<\/option><option value=\"+212 Morocco\"  class=\"choice-9 depth-1\"  >+212 Morocco<\/option><option value=\"+213 Algeria\"  class=\"choice-10 depth-1\"  >+213 Algeria<\/option><option value=\"+216 Tunisia\"  class=\"choice-11 depth-1\"  >+216 Tunisia<\/option><option value=\"+218 Libya\"  class=\"choice-12 depth-1\"  >+218 Libya<\/option><option value=\"+220 Gambia\"  class=\"choice-13 depth-1\"  >+220 Gambia<\/option><option value=\"+221 Senegal\"  class=\"choice-14 depth-1\"  >+221 Senegal<\/option><option value=\"+222 Mauritania\"  class=\"choice-15 depth-1\"  >+222 Mauritania<\/option><option value=\"+223 Mali\"  class=\"choice-16 depth-1\"  >+223 Mali<\/option><option value=\"+224 Guinea\"  class=\"choice-17 depth-1\"  >+224 Guinea<\/option><option value=\"+225 C\u00f4te d\u2019Ivoire\"  class=\"choice-18 depth-1\"  >+225 C\u00f4te d\u2019Ivoire<\/option><option value=\"+226 Burkina Faso\"  class=\"choice-19 depth-1\"  >+226 Burkina Faso<\/option><option value=\"+227 Niger\"  class=\"choice-20 depth-1\"  >+227 Niger<\/option><option value=\"+228 Togo\"  class=\"choice-21 depth-1\"  >+228 Togo<\/option><option value=\"+229 Benin\"  class=\"choice-22 depth-1\"  >+229 Benin<\/option><option value=\"+230 Mauritius\"  class=\"choice-23 depth-1\"  >+230 Mauritius<\/option><option value=\"+231 Liberia\"  class=\"choice-24 depth-1\"  >+231 Liberia<\/option><option value=\"+232 Sierra Leone\"  class=\"choice-25 depth-1\"  >+232 Sierra Leone<\/option><option value=\"+233 Ghana\"  class=\"choice-26 depth-1\"  >+233 Ghana<\/option><option value=\"+234 Nigeria\"  class=\"choice-27 depth-1\"  >+234 Nigeria<\/option><option value=\"+235 Chad\"  class=\"choice-28 depth-1\"  >+235 Chad<\/option><option value=\"+236 Central Africa\"  class=\"choice-29 depth-1\"  >+236 Central Africa<\/option><option value=\"+237 Cameroon\"  class=\"choice-30 depth-1\"  >+237 Cameroon<\/option><option value=\"+238 Cape Verde\"  class=\"choice-31 depth-1\"  >+238 Cape Verde<\/option><option value=\"+239 S\u00e3o Tom\u00e9 &amp; Pr\u00edncipe\"  class=\"choice-32 depth-1\"  >+239 S\u00e3o Tom\u00e9 &amp; Pr\u00edncipe<\/option><option value=\"+240 Equatorial Guinea\"  class=\"choice-33 depth-1\"  >+240 Equatorial Guinea<\/option><option value=\"+241 Gabon\"  class=\"choice-34 depth-1\"  >+241 Gabon<\/option><option value=\"+242 Congo Republic\"  class=\"choice-35 depth-1\"  >+242 Congo Republic<\/option><option value=\"+243 DR Congo\"  class=\"choice-36 depth-1\"  >+243 DR Congo<\/option><option value=\"+244 Angola\"  class=\"choice-37 depth-1\"  >+244 Angola<\/option><option value=\"+245 Guinea-Bissau\"  class=\"choice-38 depth-1\"  >+245 Guinea-Bissau<\/option><option value=\"+246 Diego Garcia\"  class=\"choice-39 depth-1\"  >+246 Diego Garcia<\/option><option value=\"+247 Ascension Island\"  class=\"choice-40 depth-1\"  >+247 Ascension Island<\/option><option value=\"+248 Seychelles\"  class=\"choice-41 depth-1\"  >+248 Seychelles<\/option><option value=\"+249 Sudan\"  class=\"choice-42 depth-1\"  >+249 Sudan<\/option><option value=\"+250 Rwanda\"  class=\"choice-43 depth-1\"  >+250 Rwanda<\/option><option value=\"+251 Ethiopia\"  class=\"choice-44 depth-1\"  >+251 Ethiopia<\/option><option value=\"+252 Somalia\"  class=\"choice-45 depth-1\"  >+252 Somalia<\/option><option value=\"+253 Djibouti\"  class=\"choice-46 depth-1\"  >+253 Djibouti<\/option><option value=\"+254 Kenya\"  class=\"choice-47 depth-1\"  >+254 Kenya<\/option><option value=\"+255 Tanzania\"  class=\"choice-48 depth-1\"  >+255 Tanzania<\/option><option value=\"+256 Uganda\"  class=\"choice-49 depth-1\"  >+256 Uganda<\/option><option value=\"+257 Burundi\"  class=\"choice-50 depth-1\"  >+257 Burundi<\/option><option value=\"+258 Mozambique\"  class=\"choice-51 depth-1\"  >+258 Mozambique<\/option><option value=\"+260 Zambia\"  class=\"choice-52 depth-1\"  >+260 Zambia<\/option><option value=\"+261 Madagascar\"  class=\"choice-53 depth-1\"  >+261 Madagascar<\/option><option value=\"+262 Reunion &amp; Mayotte\"  class=\"choice-54 depth-1\"  >+262 Reunion &amp; Mayotte<\/option><option value=\"+263 Zimbabwe\"  class=\"choice-55 depth-1\"  >+263 Zimbabwe<\/option><option value=\"+264 Namibia\"  class=\"choice-56 depth-1\"  >+264 Namibia<\/option><option value=\"+265 Malawi\"  class=\"choice-57 depth-1\"  >+265 Malawi<\/option><option value=\"+266 Lesotho\"  class=\"choice-58 depth-1\"  >+266 Lesotho<\/option><option value=\"+267 Botswana\"  class=\"choice-59 depth-1\"  >+267 Botswana<\/option><option value=\"+268 Eswatini\"  class=\"choice-60 depth-1\"  >+268 Eswatini<\/option><option value=\"+269 Comoros\"  class=\"choice-61 depth-1\"  >+269 Comoros<\/option><option value=\"+27 South Africa\"  class=\"choice-62 depth-1\"  >+27 South Africa<\/option><option value=\"+290 Saint Helena\"  class=\"choice-63 depth-1\"  >+290 Saint Helena<\/option><option value=\"+291 Eritrea\"  class=\"choice-64 depth-1\"  >+291 Eritrea<\/option><option value=\"+297 Aruba\"  class=\"choice-65 depth-1\"  >+297 Aruba<\/option><option value=\"+298 Faroe Islands\"  class=\"choice-66 depth-1\"  >+298 Faroe Islands<\/option><option value=\"+299 Greenland\"  class=\"choice-67 depth-1\"  >+299 Greenland<\/option><option value=\"+30 Greece\"  class=\"choice-68 depth-1\"  >+30 Greece<\/option><option value=\"+31 Netherlands\"  class=\"choice-69 depth-1\"  >+31 Netherlands<\/option><option value=\"+32 Belgium\"  class=\"choice-70 depth-1\"  >+32 Belgium<\/option><option value=\"+33 France\"  class=\"choice-71 depth-1\"  >+33 France<\/option><option value=\"+34 Spain\"  class=\"choice-72 depth-1\"  >+34 Spain<\/option><option value=\"+350 Gibraltar\"  class=\"choice-73 depth-1\"  >+350 Gibraltar<\/option><option value=\"+351 Portugal\"  class=\"choice-74 depth-1\"  >+351 Portugal<\/option><option value=\"+352 Luxembourg\"  class=\"choice-75 depth-1\"  >+352 Luxembourg<\/option><option value=\"+353 Ireland\"  class=\"choice-76 depth-1\"  >+353 Ireland<\/option><option value=\"+354 Iceland\"  class=\"choice-77 depth-1\"  >+354 Iceland<\/option><option value=\"+355 Albania\"  class=\"choice-78 depth-1\"  >+355 Albania<\/option><option value=\"+356 Malta\"  class=\"choice-79 depth-1\"  >+356 Malta<\/option><option value=\"+357 Cyprus\"  class=\"choice-80 depth-1\"  >+357 Cyprus<\/option><option value=\"+358 Finland\"  class=\"choice-81 depth-1\"  >+358 Finland<\/option><option value=\"+359 Bulgaria\"  class=\"choice-82 depth-1\"  >+359 Bulgaria<\/option><option value=\"+36 Hungary\"  class=\"choice-83 depth-1\"  >+36 Hungary<\/option><option value=\"+370 Lithuania\"  class=\"choice-84 depth-1\"  >+370 Lithuania<\/option><option value=\"+371 Latvia\"  class=\"choice-85 depth-1\"  >+371 Latvia<\/option><option value=\"+372 Estonia\"  class=\"choice-86 depth-1\"  >+372 Estonia<\/option><option value=\"+373 Moldova\"  class=\"choice-87 depth-1\"  >+373 Moldova<\/option><option value=\"+374 Armenia\"  class=\"choice-88 depth-1\"  >+374 Armenia<\/option><option value=\"+375 Belarus\"  class=\"choice-89 depth-1\"  >+375 Belarus<\/option><option value=\"+376 Andorra\"  class=\"choice-90 depth-1\"  >+376 Andorra<\/option><option value=\"+377 Monaco\"  class=\"choice-91 depth-1\"  >+377 Monaco<\/option><option value=\"+378 San Marino\"  class=\"choice-92 depth-1\"  >+378 San Marino<\/option><option value=\"+379 Vatican City\"  class=\"choice-93 depth-1\"  >+379 Vatican City<\/option><option value=\"+380 Ukraine\"  class=\"choice-94 depth-1\"  >+380 Ukraine<\/option><option value=\"+381 Serbia\"  class=\"choice-95 depth-1\"  >+381 Serbia<\/option><option value=\"+382 Montenegro\"  class=\"choice-96 depth-1\"  >+382 Montenegro<\/option><option value=\"+383 Kosovo\"  class=\"choice-97 depth-1\"  >+383 Kosovo<\/option><option value=\"+385 Croatia\"  class=\"choice-98 depth-1\"  >+385 Croatia<\/option><option value=\"+386 Slovenia\"  class=\"choice-99 depth-1\"  >+386 Slovenia<\/option><option value=\"+387 Bosnia\"  class=\"choice-100 depth-1\"  >+387 Bosnia<\/option><option value=\"+389 North Macedonia\"  class=\"choice-101 depth-1\"  >+389 North Macedonia<\/option><option value=\"+39 Italy\"  class=\"choice-102 depth-1\"  >+39 Italy<\/option><option value=\"+40 Romania\"  class=\"choice-103 depth-1\"  >+40 Romania<\/option><option value=\"+41 Switzerland\"  class=\"choice-104 depth-1\"  >+41 Switzerland<\/option><option value=\"+420 Czech Republic\"  class=\"choice-105 depth-1\"  >+420 Czech Republic<\/option><option value=\"+421 Slovakia\"  class=\"choice-106 depth-1\"  >+421 Slovakia<\/option><option value=\"+43 Austria\"  class=\"choice-107 depth-1\"  >+43 Austria<\/option><option value=\"+44 United Kingdom\"  class=\"choice-108 depth-1\"  >+44 United Kingdom<\/option><option value=\"+45 Denmark\"  class=\"choice-109 depth-1\"  >+45 Denmark<\/option><option value=\"+46 Sweden\"  class=\"choice-110 depth-1\"  >+46 Sweden<\/option><option value=\"+47 Norway\"  class=\"choice-111 depth-1\"  >+47 Norway<\/option><option value=\"+48 Poland\"  class=\"choice-112 depth-1\"  >+48 Poland<\/option><option value=\"+49 Germany\"  class=\"choice-113 depth-1\"  >+49 Germany<\/option><option value=\"+500 Falkland Islands\"  class=\"choice-114 depth-1\"  >+500 Falkland Islands<\/option><option value=\"+501 Belize\"  class=\"choice-115 depth-1\"  >+501 Belize<\/option><option value=\"+502 Guatemala\"  class=\"choice-116 depth-1\"  >+502 Guatemala<\/option><option value=\"+503 El Salvador\"  class=\"choice-117 depth-1\"  >+503 El Salvador<\/option><option value=\"+504 Honduras\"  class=\"choice-118 depth-1\"  >+504 Honduras<\/option><option value=\"+505 Nicaragua\"  class=\"choice-119 depth-1\"  >+505 Nicaragua<\/option><option value=\"+506 Costa Rica\"  class=\"choice-120 depth-1\"  >+506 Costa Rica<\/option><option value=\"+507 Panama\"  class=\"choice-121 depth-1\"  >+507 Panama<\/option><option value=\"+508 St. Pierre &amp; Miquelon\"  class=\"choice-122 depth-1\"  >+508 St. Pierre &amp; Miquelon<\/option><option value=\"+509 Haiti\"  class=\"choice-123 depth-1\"  >+509 Haiti<\/option><option value=\"+51 Peru\"  class=\"choice-124 depth-1\"  >+51 Peru<\/option><option value=\"+52 Mexico\"  class=\"choice-125 depth-1\"  >+52 Mexico<\/option><option value=\"+53 Cuba\"  class=\"choice-126 depth-1\"  >+53 Cuba<\/option><option value=\"+54 Argentina\"  class=\"choice-127 depth-1\"  >+54 Argentina<\/option><option value=\"+55 Brazil\"  class=\"choice-128 depth-1\"  >+55 Brazil<\/option><option value=\"+56 Chile\"  class=\"choice-129 depth-1\"  >+56 Chile<\/option><option value=\"+57 Colombia\"  class=\"choice-130 depth-1\"  >+57 Colombia<\/option><option value=\"+58 Venezuela\"  class=\"choice-131 depth-1\"  >+58 Venezuela<\/option><option value=\"+590 Guadeloupe\"  class=\"choice-132 depth-1\"  >+590 Guadeloupe<\/option><option value=\"+591 Bolivia\"  class=\"choice-133 depth-1\"  >+591 Bolivia<\/option><option value=\"+592 Guyana\"  class=\"choice-134 depth-1\"  >+592 Guyana<\/option><option value=\"+593 Ecuador\"  class=\"choice-135 depth-1\"  >+593 Ecuador<\/option><option value=\"+594 French Guiana\"  class=\"choice-136 depth-1\"  >+594 French Guiana<\/option><option value=\"+595 Paraguay\"  class=\"choice-137 depth-1\"  >+595 Paraguay<\/option><option value=\"+596 Martinique\"  class=\"choice-138 depth-1\"  >+596 Martinique<\/option><option value=\"+597 Suriname\"  class=\"choice-139 depth-1\"  >+597 Suriname<\/option><option value=\"+598 Uruguay\"  class=\"choice-140 depth-1\"  >+598 Uruguay<\/option><option value=\"+599 Cura\u00e7ao\"  class=\"choice-141 depth-1\"  >+599 Cura\u00e7ao<\/option><option value=\"+60 Malaysia\"  class=\"choice-142 depth-1\"  >+60 Malaysia<\/option><option value=\"+61 Australia\"  class=\"choice-143 depth-1\"  >+61 Australia<\/option><option value=\"+62 Indonesia\"  class=\"choice-144 depth-1\"  >+62 Indonesia<\/option><option value=\"+63 Philippines\"  class=\"choice-145 depth-1\"  >+63 Philippines<\/option><option value=\"+64 New Zealand\"  class=\"choice-146 depth-1\"  >+64 New Zealand<\/option><option value=\"+65 Singapore\"  class=\"choice-147 depth-1\"  >+65 Singapore<\/option><option value=\"+66 Thailand\"  class=\"choice-148 depth-1\"  >+66 Thailand<\/option><option value=\"+670 East Timor\"  class=\"choice-149 depth-1\"  >+670 East Timor<\/option><option value=\"+671 Guam\"  class=\"choice-150 depth-1\"  >+671 Guam<\/option><option value=\"+672 Norfolk Island\"  class=\"choice-151 depth-1\"  >+672 Norfolk Island<\/option><option value=\"+673 Brunei\"  class=\"choice-152 depth-1\"  >+673 Brunei<\/option><option value=\"+674 Nauru\"  class=\"choice-153 depth-1\"  >+674 Nauru<\/option><option value=\"+675 Papua New Guinea\"  class=\"choice-154 depth-1\"  >+675 Papua New Guinea<\/option><option value=\"+676 Tonga\"  class=\"choice-155 depth-1\"  >+676 Tonga<\/option><option value=\"+677 Solomon Islands\"  class=\"choice-156 depth-1\"  >+677 Solomon Islands<\/option><option value=\"+678 Vanuatu\"  class=\"choice-157 depth-1\"  >+678 Vanuatu<\/option><option value=\"+679 Fiji\"  class=\"choice-158 depth-1\"  >+679 Fiji<\/option><option value=\"+680 Palau\"  class=\"choice-159 depth-1\"  >+680 Palau<\/option><option value=\"+681 Wallis &amp; Futuna\"  class=\"choice-160 depth-1\"  >+681 Wallis &amp; Futuna<\/option><option value=\"+682 Cook Islands\"  class=\"choice-161 depth-1\"  >+682 Cook Islands<\/option><option value=\"+683 Niue\"  class=\"choice-162 depth-1\"  >+683 Niue<\/option><option value=\"+684 American Samoa\"  class=\"choice-163 depth-1\"  >+684 American Samoa<\/option><option value=\"+685 Samoa\"  class=\"choice-164 depth-1\"  >+685 Samoa<\/option><option value=\"+686 Kiribati\"  class=\"choice-165 depth-1\"  >+686 Kiribati<\/option><option value=\"+687 New Caledonia\"  class=\"choice-166 depth-1\"  >+687 New Caledonia<\/option><option value=\"+688 Tuvalu\"  class=\"choice-167 depth-1\"  >+688 Tuvalu<\/option><option value=\"+689 French Polynesia\"  class=\"choice-168 depth-1\"  >+689 French Polynesia<\/option><option value=\"+690 Tokelau\"  class=\"choice-169 depth-1\"  >+690 Tokelau<\/option><option value=\"+691 Micronesia\"  class=\"choice-170 depth-1\"  >+691 Micronesia<\/option><option value=\"+692 Marshall Islands\"  class=\"choice-171 depth-1\"  >+692 Marshall Islands<\/option><option value=\"+81 Japan\"  class=\"choice-172 depth-1\"  >+81 Japan<\/option><option value=\"+82 South Korea\"  class=\"choice-173 depth-1\"  >+82 South Korea<\/option><option value=\"+84 Vietnam\"  class=\"choice-174 depth-1\"  >+84 Vietnam<\/option><option value=\"+850 North Korea\"  class=\"choice-175 depth-1\"  >+850 North Korea<\/option><option value=\"+852 Hong Kong\"  class=\"choice-176 depth-1\"  >+852 Hong Kong<\/option><option value=\"+853 Macau\"  class=\"choice-177 depth-1\"  >+853 Macau<\/option><option value=\"+855 Cambodia\"  class=\"choice-178 depth-1\"  >+855 Cambodia<\/option><option value=\"+856 Laos\"  class=\"choice-179 depth-1\"  >+856 Laos<\/option><option value=\"+86 China\"  class=\"choice-180 depth-1\"  >+86 China<\/option><option value=\"+90 Turkey\"  class=\"choice-181 depth-1\"  >+90 Turkey<\/option><option value=\"+91 India\"  class=\"choice-182 depth-1\"  >+91 India<\/option><option value=\"+92 Pakistan\"  class=\"choice-183 depth-1\"  >+92 Pakistan<\/option><option value=\"+93 Afghanistan\"  class=\"choice-184 depth-1\"  >+93 Afghanistan<\/option><option value=\"+94 Sri Lanka\"  class=\"choice-185 depth-1\"  >+94 Sri Lanka<\/option><option value=\"+95 Myanmar\"  class=\"choice-186 depth-1\"  >+95 Myanmar<\/option><option value=\"+960 Maldives\"  class=\"choice-187 depth-1\"  >+960 Maldives<\/option><option value=\"+961 Lebanon\"  class=\"choice-188 depth-1\"  >+961 Lebanon<\/option><option value=\"+962 Jordan\"  class=\"choice-189 depth-1\"  >+962 Jordan<\/option><option value=\"+963 Syria\"  class=\"choice-190 depth-1\"  >+963 Syria<\/option><option value=\"+964 Iraq\"  class=\"choice-191 depth-1\"  >+964 Iraq<\/option><option value=\"+965 Kuwait\"  class=\"choice-192 depth-1\"  >+965 Kuwait<\/option><option value=\"+966 Saudi Arabia\"  class=\"choice-193 depth-1\"  >+966 Saudi Arabia<\/option><option value=\"+967 Yemen\"  class=\"choice-194 depth-1\"  >+967 Yemen<\/option><option value=\"+968 Oman\"  class=\"choice-195 depth-1\"  >+968 Oman<\/option><option value=\"+970 Palestine\"  class=\"choice-196 depth-1\"  >+970 Palestine<\/option><option value=\"+971 United Arab Emirates\"  class=\"choice-197 depth-1\"  >+971 United Arab Emirates<\/option><option value=\"+972 Israel\"  class=\"choice-198 depth-1\"  >+972 Israel<\/option><option value=\"+973 Bahrain\"  class=\"choice-199 depth-1\"  >+973 Bahrain<\/option><option value=\"+974 Qatar\"  class=\"choice-200 depth-1\"  >+974 Qatar<\/option><option value=\"+975 Bhutan\"  class=\"choice-201 depth-1\"  >+975 Bhutan<\/option><option value=\"+976 Mongolia\"  class=\"choice-202 depth-1\"  >+976 Mongolia<\/option><option value=\"+977 Nepal\"  class=\"choice-203 depth-1\"  >+977 Nepal<\/option><option value=\"+98 Iran\"  class=\"choice-204 depth-1\"  >+98 Iran<\/option><option value=\"+992 Tajikistan\"  class=\"choice-205 depth-1\"  >+992 Tajikistan<\/option><option value=\"+993 Turkmenistan\"  class=\"choice-206 depth-1\"  >+993 Turkmenistan<\/option><option value=\"+994 Azerbaijan\"  class=\"choice-207 depth-1\"  >+994 Azerbaijan<\/option><option value=\"+995 Georgia\"  class=\"choice-208 depth-1\"  >+995 Georgia<\/option><option value=\"+996 Kyrgyzstan\"  class=\"choice-209 depth-1\"  >+996 Kyrgyzstan<\/option><option value=\"+998 Uzbekistan\"  class=\"choice-210 depth-1\"  >+998 Uzbekistan<\/option><\/select><\/div><\/div><div class=\"wpforms-layout-column wpforms-layout-column-67\"><div id=\"wpforms-130-field_3-container\" class=\"wpforms-field wpforms-field-phone cls_phone_number\" data-field-id=\"3\"><label class=\"wpforms-field-label wpforms-label-hide\" for=\"wpforms-130-field_3\">Telefono <span class=\"wpforms-required-label\">*<\/span><\/label><input type=\"tel\" id=\"wpforms-130-field_3\" class=\"wpforms-field-medium wpforms-field-required\" data-rule-int-phone-field=\"true\" name=\"wpforms[fields][3]\" aria-label=\"Telefono\" required><\/div><\/div><\/div><\/div><\/div><div id=\"wpforms-130-field_6-container\" class=\"wpforms-field wpforms-field-text\" data-field-id=\"6\"><label class=\"wpforms-field-label\" for=\"wpforms-130-field_6\">Indirizzo della propriet\u00e0<\/label><input type=\"text\" id=\"wpforms-130-field_6\" class=\"wpforms-field-medium\" name=\"wpforms[fields][6]\" placeholder=\"Via Borgonuovo 4\" ><\/div><div id=\"wpforms-130-field_5-container\" class=\"wpforms-field wpforms-field-hidden\" data-field-id=\"5\"><input type=\"hidden\" id=\"wpforms-130-field_5\" name=\"wpforms[fields][5]\"><\/div><div id=\"wpforms-130-field_10-container\" class=\"wpforms-field wpforms-field-hidden\" data-field-id=\"10\"><input type=\"hidden\" id=\"wpforms-130-field_10\" name=\"wpforms[fields][10]\"><\/div><div id=\"wpforms-130-field_11-container\" class=\"wpforms-field wpforms-field-hidden\" data-field-id=\"11\"><input type=\"hidden\" id=\"wpforms-130-field_11\" name=\"wpforms[fields][11]\" value=\"04\/15\/2026\"><\/div><\/div><!-- .wpforms-field-container --><div class=\"wpforms-recaptcha-container wpforms-is-recaptcha wpforms-is-recaptcha-type-v3\" ><input type=\"hidden\" name=\"wpforms[recaptcha]\" value=\"\"><\/div><div class=\"wpforms-submit-container\" ><input type=\"hidden\" name=\"wpforms[id]\" value=\"130\"><input type=\"hidden\" name=\"page_title\" value=\"\"><input type=\"hidden\" name=\"page_url\" value=\"https:\/\/www.nativostay.com\/it\/wp-json\/wp\/v2\/pages\/636\"><input type=\"hidden\" name=\"url_referer\" value=\"\"><button type=\"submit\" name=\"wpforms[submit]\" id=\"wpforms-submit-130\" class=\"wpforms-submit\" data-alt-text=\"invio\" data-submit-text=\"Richiedi informazioni\" aria-live=\"assertive\" value=\"wpforms-submit\">Richiedi informazioni<\/button><img loading=\"lazy\" decoding=\"async\" src=\"https:\/\/www.nativostay.com\/wp-content\/plugins\/wpforms\/assets\/images\/submit-spin.svg\" class=\"wpforms-submit-spinner\" style=\"display: none;\" width=\"26\" height=\"26\" alt=\"Caricamento\"><\/div><\/form><\/div>  <!-- .wpforms-container --><\/div>\n<\/div>\n","protected":false},"excerpt":{"rendered":"<p>Le case pi\u00f9 belle meritano la gestione pi\u00f9 esclusiva Nativo \u00e8 l\u2019unico property manager specializzato nella gestione di case di lusso: affittiamo immobili super selezionati a persone ultra selezionate.<\/p>\n","protected":false},"author":1,"featured_media":0,"parent":0,"menu_order":0,"comment_status":"closed","ping_status":"closed","template":"contact.php","meta":{"_acf_changed":false,"footnotes":""},"class_list":["post-636","page","type-page","status-publish","hentry"],"acf":[],"_links":{"self":[{"href":"https:\/\/www.nativostay.com\/it\/wp-json\/wp\/v2\/pages\/636","targetHints":{"allow":["GET"]}}],"collection":[{"href":"https:\/\/www.nativostay.com\/it\/wp-json\/wp\/v2\/pages"}],"about":[{"href":"https:\/\/www.nativostay.com\/it\/wp-json\/wp\/v2\/types\/page"}],"author":[{"embeddable":true,"href":"https:\/\/www.nativostay.com\/it\/wp-json\/wp\/v2\/users\/1"}],"replies":[{"embeddable":true,"href":"https:\/\/www.nativostay.com\/it\/wp-json\/wp\/v2\/comments?post=636"}],"version-history":[{"count":7,"href":"https:\/\/www.nativostay.com\/it\/wp-json\/wp\/v2\/pages\/636\/revisions"}],"predecessor-version":[{"id":2581,"href":"https:\/\/www.nativostay.com\/it\/wp-json\/wp\/v2\/pages\/636\/revisions\/2581"}],"wp:attachment":[{"href":"https:\/\/www.nativostay.com\/it\/wp-json\/wp\/v2\/media?parent=636"}],"curies":[{"name":"wp","href":"https:\/\/api.w.org\/{rel}","templated":true}]}}